{"id":352,"date":"2020-11-04T12:13:06","date_gmt":"2020-11-04T12:13:06","guid":{"rendered":"https:\/\/themes.getmotopress.com\/albatross\/?page_id=352"},"modified":"2021-01-21T07:49:36","modified_gmt":"2021-01-21T07:49:36","slug":"locatii","status":"publish","type":"page","link":"https:\/\/cazari-brasov.ro\/en\/locatii\/","title":{"rendered":"Accommodation"},"content":{"rendered":"<p>[et_pb_section fb_built=&#8221;1&#8243; _builder_version=&#8221;3.22&#8243;][et_pb_row column_structure=&#8221;2_3,1_3&#8243; use_custom_gutter=&#8221;on&#8221; make_equal=&#8221;on&#8221; _builder_version=&#8221;4.0.5&#8243; hover_enabled=&#8221;0&#8243; custom_padding__hover_enabled=&#8221;off|desktop&#8221;][et_pb_column type=&#8221;2_3&#8243; _builder_version=&#8221;4.0.5&#8243; custom_padding=&#8221;||||false|false&#8221; hover_enabled=&#8221;0&#8243; custom_padding_last_edited=&#8221;on|tablet&#8221;][et_pb_text _builder_version=&#8221;4.0.5&#8243; background_size=&#8221;initial&#8221; background_position=&#8221;top_left&#8221; background_repeat=&#8221;repeat&#8221;]<\/p>\n<div class=\"mphb_sc_rooms-wrapper mphb-room-types\">\n<div class=\"mphb-room-type post-3256 mphb_room_type type-mphb_room_type status-publish has-post-thumbnail mphb_room_type_category-apartamente mphb_room_type_facility-heating mphb_room_type_facility-free-parking mphb_room_type_facility-terrace mphb_room_type_facility-hair-dryer mphb-room-type-adults-5 mphb-room-type-children-0\">\n\n\t\n\t\n\n\t<p class=\"post-thumbnail mphb-loop-room-thumbnail\">\n\t<a href=\"https:\/\/cazari-brasov.ro\/en\/accommodation\/ivy-boutique\/\">\n\t<img loading=\"lazy\" decoding=\"async\" width=\"2560\" height=\"1706\" src=\"https:\/\/cazari-brasov.ro\/wp-content\/uploads\/2021\/05\/77A6572--scaled.jpg\" class=\"attachment-post-thumbnail size-post-thumbnail wp-post-image\" alt=\"\" srcset=\"https:\/\/cazari-brasov.ro\/wp-content\/uploads\/2021\/05\/77A6572--scaled.jpg 2560w, https:\/\/cazari-brasov.ro\/wp-content\/uploads\/2021\/05\/77A6572--300x200.jpg 300w, https:\/\/cazari-brasov.ro\/wp-content\/uploads\/2021\/05\/77A6572--1024x683.jpg 1024w, https:\/\/cazari-brasov.ro\/wp-content\/uploads\/2021\/05\/77A6572--768x512.jpg 768w, https:\/\/cazari-brasov.ro\/wp-content\/uploads\/2021\/05\/77A6572--1536x1024.jpg 1536w, https:\/\/cazari-brasov.ro\/wp-content\/uploads\/2021\/05\/77A6572--2048x1365.jpg 2048w, https:\/\/cazari-brasov.ro\/wp-content\/uploads\/2021\/05\/77A6572--16x12.jpg 16w, https:\/\/cazari-brasov.ro\/wp-content\/uploads\/2021\/05\/77A6572--1080x720.jpg 1080w, https:\/\/cazari-brasov.ro\/wp-content\/uploads\/2021\/05\/77A6572--1280x853.jpg 1280w, https:\/\/cazari-brasov.ro\/wp-content\/uploads\/2021\/05\/77A6572--980x653.jpg 980w, https:\/\/cazari-brasov.ro\/wp-content\/uploads\/2021\/05\/77A6572--480x320.jpg 480w\" sizes=\"auto, (max-width: 2560px) 100vw, 2560px\" \/>\t<\/a>\n\n\t<\/p>\n\n<h2 class=\"mphb-room-type-title entry-title\">\n\n<a class=\"mphb-room-type-title\" href=\"https:\/\/cazari-brasov.ro\/en\/accommodation\/ivy-boutique\/\">Ivy Boutique<\/a>\n\n<\/h2>\n\n\n\n\n<div class=\"mphb-to-book-btn-wrapper\">\n<form action=\"https:\/\/cazari-brasov.ro\/en\/accommodation\/ivy-boutique\/#booking-form-3256\" method=\"get\" data-trp-original-action=\"https:\/\/cazari-brasov.ro\/en\/accommodation\/ivy-boutique\/#booking-form-3256\" ><button type=\"submit\" class=\"button mphb-book-button\" >Book<\/button><input type=\"hidden\" name=\"trp-form-language\" value=\"en\"\/><\/form>\n<br\/><\/div>\n\t\n<\/div>\n\n\n<div class=\"mphb-room-type post-3074 mphb_room_type type-mphb_room_type status-publish has-post-thumbnail mphb_room_type_category-apartamente mphb_room_type_facility-dotari-esentiale-bucatarie mphb_room_type_facility-bathroom-essentials mphb_room_type_facility-bedroom-comforts mphb_room_type_facility-heating mphb_room_type_facility-free-parking mphb_room_type_facility-spatiu-de-munca-dedicat mphb_room_type_facility-terrace mphb_room_type_facility-tv mphb_room_type_facility-hair-dryer mphb_room_type_facility-wi-fi mphb-room-type-adults-4 mphb-room-type-children-0\">\n\n\t\n\t\n\n\t<p class=\"post-thumbnail mphb-loop-room-thumbnail\">\n\t<a href=\"https:\/\/cazari-brasov.ro\/en\/accommodation\/impererial-boutique\/\">\n\t<img loading=\"lazy\" decoding=\"async\" width=\"2560\" height=\"1706\" src=\"https:\/\/cazari-brasov.ro\/wp-content\/uploads\/2021\/05\/77A6556--scaled.jpg\" class=\"attachment-post-thumbnail size-post-thumbnail wp-post-image\" alt=\"\" srcset=\"https:\/\/cazari-brasov.ro\/wp-content\/uploads\/2021\/05\/77A6556--scaled.jpg 2560w, https:\/\/cazari-brasov.ro\/wp-content\/uploads\/2021\/05\/77A6556--300x200.jpg 300w, https:\/\/cazari-brasov.ro\/wp-content\/uploads\/2021\/05\/77A6556--1024x683.jpg 1024w, https:\/\/cazari-brasov.ro\/wp-content\/uploads\/2021\/05\/77A6556--768x512.jpg 768w, https:\/\/cazari-brasov.ro\/wp-content\/uploads\/2021\/05\/77A6556--1536x1024.jpg 1536w, https:\/\/cazari-brasov.ro\/wp-content\/uploads\/2021\/05\/77A6556--2048x1365.jpg 2048w, https:\/\/cazari-brasov.ro\/wp-content\/uploads\/2021\/05\/77A6556--16x12.jpg 16w, https:\/\/cazari-brasov.ro\/wp-content\/uploads\/2021\/05\/77A6556--1080x720.jpg 1080w, https:\/\/cazari-brasov.ro\/wp-content\/uploads\/2021\/05\/77A6556--1280x853.jpg 1280w, https:\/\/cazari-brasov.ro\/wp-content\/uploads\/2021\/05\/77A6556--980x653.jpg 980w, https:\/\/cazari-brasov.ro\/wp-content\/uploads\/2021\/05\/77A6556--480x320.jpg 480w\" sizes=\"auto, (max-width: 2560px) 100vw, 2560px\" \/>\t<\/a>\n\n\t<\/p>\n\n<h2 class=\"mphb-room-type-title entry-title\">\n\n<a class=\"mphb-room-type-title\" href=\"https:\/\/cazari-brasov.ro\/en\/accommodation\/impererial-boutique\/\">Impererial Boutique<\/a>\n\n<\/h2>\n\n<p>Complete with a terrace, Imperial Boutique is situated in Bra\u015fov, less than 1 km from Council Square and a 13-minute walk from The White Tower. The property is 1.1 km from Strada Sforii and 1.2 km from The Black Tower. This apartment is fitted with 2 bedrooms, a flat-screen TV, and a kitchen. Popular points [&hellip;]<\/p>\n\n\n\n<div class=\"mphb-to-book-btn-wrapper\">\n<form action=\"https:\/\/cazari-brasov.ro\/en\/accommodation\/impererial-boutique\/#booking-form-3074\" method=\"get\" data-trp-original-action=\"https:\/\/cazari-brasov.ro\/en\/accommodation\/impererial-boutique\/#booking-form-3074\" ><button type=\"submit\" class=\"button mphb-book-button\" >Book<\/button><input type=\"hidden\" name=\"trp-form-language\" value=\"en\"\/><\/form>\n<br\/><\/div>\n\t\n<\/div>\n\n\n<div class=\"mphb-room-type post-972 mphb_room_type type-mphb_room_type status-publish has-post-thumbnail mphb_room_type_category-apartamente mphb_room_type_facility-dotari-esentiale-bucatarie mphb_room_type_facility-bathroom-essentials mphb_room_type_facility-bedroom-comforts mphb_room_type_facility-heating mphb_room_type_facility-spatiu-de-munca-dedicat mphb_room_type_facility-terrace mphb_room_type_facility-hair-dryer mphb_room_type_facility-wi-fi mphb-room-type-adults-4 mphb-room-type-children-0\">\n\n\t\n\t\n\n\t<p class=\"post-thumbnail mphb-loop-room-thumbnail\">\n\t<a href=\"https:\/\/cazari-brasov.ro\/en\/accommodation\/traditional-boutique\/\">\n\t<img loading=\"lazy\" decoding=\"async\" width=\"1024\" height=\"768\" src=\"https:\/\/cazari-brasov.ro\/wp-content\/uploads\/2021\/04\/295111406.jpg\" class=\"attachment-post-thumbnail size-post-thumbnail wp-post-image\" alt=\"\" srcset=\"https:\/\/cazari-brasov.ro\/wp-content\/uploads\/2021\/04\/295111406.jpg 1024w, https:\/\/cazari-brasov.ro\/wp-content\/uploads\/2021\/04\/295111406-980x735.jpg 980w, https:\/\/cazari-brasov.ro\/wp-content\/uploads\/2021\/04\/295111406-480x360.jpg 480w\" sizes=\"auto, (min-width: 0px) and (max-width: 480px) 480px, (min-width: 481px) and (max-width: 980px) 980px, (min-width: 981px) 1024px, 100vw\" \/>\t<\/a>\n\n\t<\/p>\n\n<h2 class=\"mphb-room-type-title entry-title\">\n\n<a class=\"mphb-room-type-title\" href=\"https:\/\/cazari-brasov.ro\/en\/accommodation\/traditional-boutique\/\">Traditional Boutique<\/a>\n\n<\/h2>\n\n<p>Complete with a terrace, Traditional Boutique is situated in Bra\u015fov, less than 1 km from Council Square and a 13-minute walk from The White Tower. The property is 1.1 km from Strada Sforii and 1.2 km from The Black Tower. This apartment is fitted with 2 bedrooms, a flat-screen TV, and a kitchen. Popular points [&hellip;]<\/p>\n\n\n\n<div class=\"mphb-to-book-btn-wrapper\">\n<form action=\"https:\/\/cazari-brasov.ro\/en\/accommodation\/traditional-boutique\/#booking-form-972\" method=\"get\" data-trp-original-action=\"https:\/\/cazari-brasov.ro\/en\/accommodation\/traditional-boutique\/#booking-form-972\" ><button type=\"submit\" class=\"button mphb-book-button\" >Book<\/button><input type=\"hidden\" name=\"trp-form-language\" value=\"en\"\/><\/form>\n<br\/><\/div>\n\t\n<\/div>\n\n\n<div class=\"mphb-room-type post-35 mphb_room_type type-mphb_room_type status-publish has-post-thumbnail mphb_room_type_category-studiouri mphb_room_type_facility-dotari-esentiale-bucatarie mphb_room_type_facility-bathroom-essentials mphb_room_type_facility-bedroom-comforts mphb_room_type_facility-heating mphb_room_type_facility-free-parking mphb_room_type_facility-spatiu-de-munca-dedicat mphb_room_type_facility-terrace mphb_room_type_facility-wi-fi mphb-room-type-adults-2 mphb-room-type-children-0\">\n\n\t\n\t\n\n\t<p class=\"post-thumbnail mphb-loop-room-thumbnail\">\n\t<a href=\"https:\/\/cazari-brasov.ro\/en\/accommodation\/belle-studio-boutique-bsb\/\">\n\t<img loading=\"lazy\" decoding=\"async\" width=\"1200\" height=\"676\" src=\"https:\/\/cazari-brasov.ro\/wp-content\/uploads\/2021\/01\/8ee6d3ec-fcc2-402b-914b-80ec88b1749a.jpg\" class=\"attachment-post-thumbnail size-post-thumbnail wp-post-image\" alt=\"\" srcset=\"https:\/\/cazari-brasov.ro\/wp-content\/uploads\/2021\/01\/8ee6d3ec-fcc2-402b-914b-80ec88b1749a.jpg 1200w, https:\/\/cazari-brasov.ro\/wp-content\/uploads\/2021\/01\/8ee6d3ec-fcc2-402b-914b-80ec88b1749a-980x552.jpg 980w, https:\/\/cazari-brasov.ro\/wp-content\/uploads\/2021\/01\/8ee6d3ec-fcc2-402b-914b-80ec88b1749a-480x270.jpg 480w\" sizes=\"auto, (min-width: 0px) and (max-width: 480px) 480px, (min-width: 481px) and (max-width: 980px) 980px, (min-width: 981px) 1200px, 100vw\" \/>\t<\/a>\n\n\t<\/p>\n\n<h2 class=\"mphb-room-type-title entry-title\">\n\n<a class=\"mphb-room-type-title\" href=\"https:\/\/cazari-brasov.ro\/en\/accommodation\/belle-studio-boutique-bsb\/\">Belle Studio Boutique (bSb)<\/a>\n\n<\/h2>\n\n<p>[et_pb_section fb_built=&#8221;1&#8243; _builder_version=&#8221;3.22&#8243;][et_pb_row _builder_version=&#8221;3.25&#8243; background_size=&#8221;initial&#8221; background_position=&#8221;top_left&#8221; background_repeat=&#8221;repeat&#8221;][et_pb_column type=&#8221;4_4&#8243; _builder_version=&#8221;3.25&#8243; custom_padding=&#8221;|||&#8221; custom_padding__hover=&#8221;|||&#8221;][et_pb_text _builder_version=&#8221;4.0.5&#8243; background_size=&#8221;initial&#8221; background_position=&#8221;top_left&#8221; background_repeat=&#8221;repeat&#8221; hover_enabled=&#8221;0&#8243;] Belle Boutique Studio, o proprietate cu teras\u0103, este situat\u0103 \u00een Bra\u015fov, la mai pu\u0163in de 1 km de Pia\u0163a Sfatului, la 1,1 km de Turnul Alb, precum \u015fi la 1,1 km de Strada Sforii. Acest apartament este situat la [&hellip;]<\/p>\n\n\n\n<div class=\"mphb-to-book-btn-wrapper\">\n<form action=\"https:\/\/cazari-brasov.ro\/en\/accommodation\/belle-studio-boutique-bsb\/#booking-form-35\" method=\"get\" data-trp-original-action=\"https:\/\/cazari-brasov.ro\/en\/accommodation\/belle-studio-boutique-bsb\/#booking-form-35\" ><button type=\"submit\" class=\"button mphb-book-button\" >Book<\/button><input type=\"hidden\" name=\"trp-form-language\" value=\"en\"\/><\/form>\n<br\/><\/div>\n\t\n<\/div>\n\n\n<div class=\"mphb-room-type post-20 mphb_room_type type-mphb_room_type status-publish has-post-thumbnail mphb_room_type_category-apartamente mphb_room_type_facility-dotari-esentiale-bucatarie mphb_room_type_facility-bathroom-essentials mphb_room_type_facility-bedroom-comforts mphb_room_type_facility-heating mphb_room_type_facility-free-parking mphb_room_type_facility-spatiu-de-munca-dedicat mphb_room_type_facility-terrace mphb_room_type_facility-tv mphb_room_type_facility-wi-fi mphb-room-type-adults-4 mphb-room-type-children-2\">\n\n\t\n\t\n\n\t<p class=\"post-thumbnail mphb-loop-room-thumbnail\">\n\t<a href=\"https:\/\/cazari-brasov.ro\/en\/accommodation\/old-town-boutique\/\">\n\t<img loading=\"lazy\" decoding=\"async\" width=\"1200\" height=\"900\" src=\"https:\/\/cazari-brasov.ro\/wp-content\/uploads\/2021\/01\/99448661-bd40-4720-879b-64fedbd2e341.jpg\" class=\"attachment-post-thumbnail size-post-thumbnail wp-post-image\" alt=\"\" srcset=\"https:\/\/cazari-brasov.ro\/wp-content\/uploads\/2021\/01\/99448661-bd40-4720-879b-64fedbd2e341.jpg 1200w, https:\/\/cazari-brasov.ro\/wp-content\/uploads\/2021\/01\/99448661-bd40-4720-879b-64fedbd2e341-980x735.jpg 980w, https:\/\/cazari-brasov.ro\/wp-content\/uploads\/2021\/01\/99448661-bd40-4720-879b-64fedbd2e341-480x360.jpg 480w\" sizes=\"auto, (min-width: 0px) and (max-width: 480px) 480px, (min-width: 481px) and (max-width: 980px) 980px, (min-width: 981px) 1200px, 100vw\" \/>\t<\/a>\n\n\t<\/p>\n\n<h2 class=\"mphb-room-type-title entry-title\">\n\n<a class=\"mphb-room-type-title\" href=\"https:\/\/cazari-brasov.ro\/en\/accommodation\/old-town-boutique\/\">Old town Boutique<\/a>\n\n<\/h2>\n\n<p>[et_pb_section fb_built=&#8221;1&#8243; _builder_version=&#8221;3.22&#8243;][et_pb_row _builder_version=&#8221;3.25&#8243; background_size=&#8221;initial&#8221; background_position=&#8221;top_left&#8221; background_repeat=&#8221;repeat&#8221;][et_pb_column type=&#8221;4_4&#8243; _builder_version=&#8221;3.25&#8243; custom_padding=&#8221;|||&#8221; custom_padding__hover=&#8221;|||&#8221;][et_pb_text _builder_version=&#8221;4.0.5&#8243; background_size=&#8221;initial&#8221; background_position=&#8221;top_left&#8221; background_repeat=&#8221;repeat&#8221;] Old Town Boutique este o proprietate cu teras\u0103 situat\u0103 \u00een Bra\u0219ov, la mai pu\u021bin de 1 km de Pia\u021ba Sfatului, la 1,1 km de Turnul Alb \u0219i la 1,2 km de Strada Sforii. Proprietatea este situat\u0103 la 3,1 km de [&hellip;]<\/p>\n\n\n\n<div class=\"mphb-to-book-btn-wrapper\">\n<form action=\"https:\/\/cazari-brasov.ro\/en\/accommodation\/old-town-boutique\/#booking-form-20\" method=\"get\" data-trp-original-action=\"https:\/\/cazari-brasov.ro\/en\/accommodation\/old-town-boutique\/#booking-form-20\" ><button type=\"submit\" class=\"button mphb-book-button\" >Book<\/button><input type=\"hidden\" name=\"trp-form-language\" value=\"en\"\/><\/form>\n<br\/><\/div>\n\t\n<\/div>\n\n\n<div class=\"mphb-room-type post-75 mphb_room_type type-mphb_room_type status-publish has-post-thumbnail mphb_room_type_category-apartamente mphb_room_type_facility-dotari-esentiale-bucatarie mphb_room_type_facility-bathroom-essentials mphb_room_type_facility-bedroom-comforts mphb_room_type_facility-heating mphb_room_type_facility-free-parking mphb_room_type_facility-spatiu-de-munca-dedicat mphb_room_type_facility-terrace mphb_room_type_facility-tv mphb_room_type_facility-hair-dryer mphb_room_type_facility-wi-fi mphb-room-type-adults-4 mphb-room-type-children-0\">\n\n\t\n\t\n\n\t<p class=\"post-thumbnail mphb-loop-room-thumbnail\">\n\t<a href=\"https:\/\/cazari-brasov.ro\/en\/accommodation\/ludovic-boutique\/\">\n\t<img loading=\"lazy\" decoding=\"async\" width=\"2560\" height=\"1706\" src=\"https:\/\/cazari-brasov.ro\/wp-content\/uploads\/2020\/11\/B_2237--scaled.jpg\" class=\"attachment-post-thumbnail size-post-thumbnail wp-post-image\" alt=\"\" srcset=\"https:\/\/cazari-brasov.ro\/wp-content\/uploads\/2020\/11\/B_2237--scaled.jpg 2560w, https:\/\/cazari-brasov.ro\/wp-content\/uploads\/2020\/11\/B_2237--300x200.jpg 300w, https:\/\/cazari-brasov.ro\/wp-content\/uploads\/2020\/11\/B_2237--1024x683.jpg 1024w, https:\/\/cazari-brasov.ro\/wp-content\/uploads\/2020\/11\/B_2237--768x512.jpg 768w, https:\/\/cazari-brasov.ro\/wp-content\/uploads\/2020\/11\/B_2237--1536x1024.jpg 1536w, https:\/\/cazari-brasov.ro\/wp-content\/uploads\/2020\/11\/B_2237--2048x1365.jpg 2048w, https:\/\/cazari-brasov.ro\/wp-content\/uploads\/2020\/11\/B_2237--1080x720.jpg 1080w, https:\/\/cazari-brasov.ro\/wp-content\/uploads\/2020\/11\/B_2237--1280x853.jpg 1280w, https:\/\/cazari-brasov.ro\/wp-content\/uploads\/2020\/11\/B_2237--980x653.jpg 980w, https:\/\/cazari-brasov.ro\/wp-content\/uploads\/2020\/11\/B_2237--480x320.jpg 480w\" sizes=\"auto, (max-width: 2560px) 100vw, 2560px\" \/>\t<\/a>\n\n\t<\/p>\n\n<h2 class=\"mphb-room-type-title entry-title\">\n\n<a class=\"mphb-room-type-title\" href=\"https:\/\/cazari-brasov.ro\/en\/accommodation\/ludovic-boutique\/\">Ludovic Boutique<\/a>\n\n<\/h2>\n\n<p>Ludovic Boutique is located in Bra\u0219ov, just 1.1 km from the Faculty of Medicine-Transilvania University of Bra\u0219ov. Guests benefit from free WiFi and private parking available on site. The apartment is 2.4 km from Black Tower and 2.8 km from White Tower. This apartment has 2 bedrooms, a kitchen with a microwave, a TV with [\u2026]<\/p>\n\n\n\n\t<p class=\"mphb-regular-price\"><strong>Prices start at:<\/strong>\n\t<span class=\"mphb-price\">250<span class=\"mphb-currency\">lei<\/span><\/span> <span class=\"mphb-price-period\" title=\"Choose dates to see relevant prices\">per night<\/span>\n\t<\/p>\n\n<div class=\"mphb-to-book-btn-wrapper\">\n<form action=\"https:\/\/cazari-brasov.ro\/en\/accommodation\/ludovic-boutique\/#booking-form-75\" method=\"get\" data-trp-original-action=\"https:\/\/cazari-brasov.ro\/en\/accommodation\/ludovic-boutique\/#booking-form-75\" ><button type=\"submit\" class=\"button mphb-book-button\" >Book<\/button><input type=\"hidden\" name=\"trp-form-language\" value=\"en\"\/><\/form>\n<br\/><\/div>\n\t\n<\/div>\n\n\n<div class=\"mphb-room-type post-340 mphb_room_type type-mphb_room_type status-publish has-post-thumbnail mphb_room_type_category-studiouri mphb_room_type_facility-dotari-esentiale-bucatarie mphb_room_type_facility-bathroom-essentials mphb_room_type_facility-bedroom-comforts mphb_room_type_facility-heating mphb_room_type_facility-free-parking mphb_room_type_facility-spatiu-de-munca-dedicat mphb_room_type_facility-terrace mphb_room_type_facility-tv mphb_room_type_facility-hair-dryer mphb_room_type_facility-wi-fi mphb-room-type-adults-2 mphb-room-type-children-0\">\n\n\t\n\t\n\n\t<p class=\"post-thumbnail mphb-loop-room-thumbnail\">\n\t<a href=\"https:\/\/cazari-brasov.ro\/en\/accommodation\/studio-boutique\/\">\n\t<img loading=\"lazy\" decoding=\"async\" width=\"942\" height=\"689\" src=\"https:\/\/cazari-brasov.ro\/wp-content\/uploads\/2020\/11\/1.jpg\" class=\"attachment-post-thumbnail size-post-thumbnail wp-post-image\" alt=\"\" srcset=\"https:\/\/cazari-brasov.ro\/wp-content\/uploads\/2020\/11\/1.jpg 942w, https:\/\/cazari-brasov.ro\/wp-content\/uploads\/2020\/11\/1-480x351.jpg 480w\" sizes=\"auto, (min-width: 0px) and (max-width: 480px) 480px, (min-width: 481px) 942px, 100vw\" \/>\t<\/a>\n\n\t<\/p>\n\n<h2 class=\"mphb-room-type-title entry-title\">\n\n<a class=\"mphb-room-type-title\" href=\"https:\/\/cazari-brasov.ro\/en\/accommodation\/studio-boutique\/\">Studio Boutique<\/a>\n\n<\/h2>\n\n<p>5 seconds away from the city center (maybe less if you get out of bed faster). Comfortable 1 Euro King size bed (1600 x 2000) with double bed canopy, 4m x 2m, mirror bedroom wall is located 1 minute from the main square of the city center (where all events-golden bulb-beer fest-party- pubs) and [\u2026]<\/p>\n\n\n\n<div class=\"mphb-to-book-btn-wrapper\">\n<form action=\"https:\/\/cazari-brasov.ro\/en\/accommodation\/studio-boutique\/#booking-form-340\" method=\"get\" data-trp-original-action=\"https:\/\/cazari-brasov.ro\/en\/accommodation\/studio-boutique\/#booking-form-340\" ><button type=\"submit\" class=\"button mphb-book-button\" >Book<\/button><input type=\"hidden\" name=\"trp-form-language\" value=\"en\"\/><\/form>\n<br\/><\/div>\n\t\n<\/div>\n\n\n<div class=\"mphb-room-type post-328 mphb_room_type type-mphb_room_type status-publish has-post-thumbnail mphb_room_type_category-apartamente mphb_room_type_facility-dotari-esentiale-bucatarie mphb_room_type_facility-bathroom-essentials mphb_room_type_facility-bedroom-comforts mphb_room_type_facility-heating mphb_room_type_facility-free-parking mphb_room_type_facility-spatiu-de-munca-dedicat mphb_room_type_facility-terrace mphb_room_type_facility-tv mphb_room_type_facility-hair-dryer mphb_room_type_facility-wi-fi mphb-room-type-adults-2 mphb-room-type-children-2\">\n\n\t\n\t\n\n\t<p class=\"post-thumbnail mphb-loop-room-thumbnail\">\n\t<a href=\"https:\/\/cazari-brasov.ro\/en\/accommodation\/haven-boutique-old-town-center\/\">\n\t<img loading=\"lazy\" decoding=\"async\" width=\"1228\" height=\"922\" src=\"https:\/\/cazari-brasov.ro\/wp-content\/uploads\/2020\/11\/5-1.jpg\" class=\"attachment-post-thumbnail size-post-thumbnail wp-post-image\" alt=\"\" srcset=\"https:\/\/cazari-brasov.ro\/wp-content\/uploads\/2020\/11\/5-1.jpg 1228w, https:\/\/cazari-brasov.ro\/wp-content\/uploads\/2020\/11\/5-1-980x736.jpg 980w, https:\/\/cazari-brasov.ro\/wp-content\/uploads\/2020\/11\/5-1-480x360.jpg 480w\" sizes=\"auto, (min-width: 0px) and (max-width: 480px) 480px, (min-width: 481px) and (max-width: 980px) 980px, (min-width: 981px) 1228px, 100vw\" \/>\t<\/a>\n\n\t<\/p>\n\n<h2 class=\"mphb-room-type-title entry-title\">\n\n<a class=\"mphb-room-type-title\" href=\"https:\/\/cazari-brasov.ro\/en\/accommodation\/haven-boutique-old-town-center\/\">Haven Boutique (Old Town Center)<\/a>\n\n<\/h2>\n\n<p>Haven Boutique (Old Center) is located in the old center of Brasov, 100 meters from the Black Tower and 200 meters from Sforii Street and the White Tower. This apartment offers free WiFi and mountain and city views. The apartment has 1 bedroom, a flat-screen TV and 1 [\u2026]<\/p>\n\n\n\n<div class=\"mphb-to-book-btn-wrapper\">\n<form action=\"https:\/\/cazari-brasov.ro\/en\/accommodation\/haven-boutique-old-town-center\/#booking-form-328\" method=\"get\" data-trp-original-action=\"https:\/\/cazari-brasov.ro\/en\/accommodation\/haven-boutique-old-town-center\/#booking-form-328\" ><button type=\"submit\" class=\"button mphb-book-button\" >Book<\/button><input type=\"hidden\" name=\"trp-form-language\" value=\"en\"\/><\/form>\n<br\/><\/div>\n\t\n<\/div>\n\n<\/div>\n<p>[\/et_pb_text][\/et_pb_column][et_pb_column type=&#8221;1_3&#8243; _builder_version=&#8221;4.0.5&#8243;][mphb-divi-availability-search _builder_version=&#8221;4.0.5&#8243;][\/mphb-divi-availability-search][\/et_pb_column][\/et_pb_row][\/et_pb_section]<\/p>","protected":false},"excerpt":{"rendered":"<p>[et_pb_section fb_built=&#8221;1&#8243; _builder_version=&#8221;3.22&#8243;][et_pb_row column_structure=&#8221;2_3,1_3&#8243; use_custom_gutter=&#8221;on&#8221; make_equal=&#8221;on&#8221; _builder_version=&#8221;4.0.5&#8243; hover_enabled=&#8221;0&#8243; custom_padding__hover_enabled=&#8221;off|desktop&#8221;][et_pb_column type=&#8221;2_3&#8243; _builder_version=&#8221;4.0.5&#8243; custom_padding=&#8221;||||false|false&#8221; hover_enabled=&#8221;0&#8243; custom_padding_last_edited=&#8221;on|tablet&#8221;][et_pb_text _builder_version=&#8221;4.0.5&#8243; background_size=&#8221;initial&#8221; background_position=&#8221;top_left&#8221; background_repeat=&#8221;repeat&#8221;] [\/et_pb_text][\/et_pb_column][et_pb_column type=&#8221;1_3&#8243; _builder_version=&#8221;4.0.5&#8243;][mphb-divi-availability-search _builder_version=&#8221;4.0.5&#8243;][\/mphb-divi-availability-search][\/et_pb_column][\/et_pb_row][\/et_pb_section]<\/p>","protected":false},"author":1,"featured_media":0,"parent":0,"menu_order":0,"comment_status":"closed","ping_status":"closed","template":"","meta":{"_et_pb_use_builder":"on","_et_pb_old_content":"<p>[mphb_rooms]<\/p>","inline_featured_image":false,"footnotes":""},"class_list":["post-352","page","type-page","status-publish","hentry"],"_links":{"self":[{"href":"https:\/\/cazari-brasov.ro\/en\/wp-json\/wp\/v2\/pages\/352","targetHints":{"allow":["GET"]}}],"collection":[{"href":"https:\/\/cazari-brasov.ro\/en\/wp-json\/wp\/v2\/pages"}],"about":[{"href":"https:\/\/cazari-brasov.ro\/en\/wp-json\/wp\/v2\/types\/page"}],"author":[{"embeddable":true,"href":"https:\/\/cazari-brasov.ro\/en\/wp-json\/wp\/v2\/users\/1"}],"replies":[{"embeddable":true,"href":"https:\/\/cazari-brasov.ro\/en\/wp-json\/wp\/v2\/comments?post=352"}],"version-history":[{"count":16,"href":"https:\/\/cazari-brasov.ro\/en\/wp-json\/wp\/v2\/pages\/352\/revisions"}],"predecessor-version":[{"id":671,"href":"https:\/\/cazari-brasov.ro\/en\/wp-json\/wp\/v2\/pages\/352\/revisions\/671"}],"wp:attachment":[{"href":"https:\/\/cazari-brasov.ro\/en\/wp-json\/wp\/v2\/media?parent=352"}],"curies":[{"name":"wp","href":"https:\/\/api.w.org\/{rel}","templated":true}]}}